{"id":13,"date":"2026-04-07T18:52:21","date_gmt":"2026-04-07T18:52:21","guid":{"rendered":"https:\/\/www.erdalbalaban.com\/index.php\/front_page\/"},"modified":"2026-04-12T20:34:09","modified_gmt":"2026-04-12T23:34:09","slug":"front_page","status":"publish","type":"page","link":"https:\/\/www.erdalbalaban.com\/","title":{"rendered":"\u00d6\u011frenmenin ve M\u00fccadelenin Bitti\u011fi Yerde Ya\u015fam da T\u00fckeniyor!"},"content":{"rendered":"\n\n\n\n","protected":false},"excerpt":{"rendered":"","protected":false},"author":1,"featured_media":0,"parent":0,"menu_order":0,"comment_status":"closed","ping_status":"closed","template":"","meta":{"saved_in_kubio":false,"footnotes":""},"class_list":["post-13","page","type-page","status-publish","hentry"],"kubio_ai_page_context":{"short_desc":"","purpose":"general"},"_links":{"self":[{"href":"https:\/\/www.erdalbalaban.com\/index.php\/wp-json\/wp\/v2\/pages\/13","targetHints":{"allow":["GET"]}}],"collection":[{"href":"https:\/\/www.erdalbalaban.com\/index.php\/wp-json\/wp\/v2\/pages"}],"about":[{"href":"https:\/\/www.erdalbalaban.com\/index.php\/wp-json\/wp\/v2\/types\/page"}],"author":[{"embeddable":true,"href":"https:\/\/www.erdalbalaban.com\/index.php\/wp-json\/wp\/v2\/users\/1"}],"replies":[{"embeddable":true,"href":"https:\/\/www.erdalbalaban.com\/index.php\/wp-json\/wp\/v2\/comments?post=13"}],"version-history":[{"count":22,"href":"https:\/\/www.erdalbalaban.com\/index.php\/wp-json\/wp\/v2\/pages\/13\/revisions"}],"predecessor-version":[{"id":210,"href":"https:\/\/www.erdalbalaban.com\/index.php\/wp-json\/wp\/v2\/pages\/13\/revisions\/210"}],"wp:attachment":[{"href":"https:\/\/www.erdalbalaban.com\/index.php\/wp-json\/wp\/v2\/media?parent=13"}],"curies":[{"name":"wp","href":"https:\/\/api.w.org\/{rel}","templated":true}]}}