{"id":2,"date":"2026-04-07T20:54:50","date_gmt":"2026-04-07T20:54:50","guid":{"rendered":"http:\/\/www.erdalbalaban.com\/?page_id=2"},"modified":"2026-04-13T19:32:13","modified_gmt":"2026-04-13T22:32:13","slug":"hakkimda","status":"publish","type":"page","link":"https:\/\/www.erdalbalaban.com\/index.php\/hakkimda\/","title":{"rendered":"K\u0131sa \u00d6zge\u00e7mi\u015f"},"content":{"rendered":"\n<p>1953 y\u0131l\u0131nda Sakarya\u2019n\u0131n Hendek il\u00e7esinde do\u011fan Mehmet Erdal Balaban lise e\u011fitimini Adapazar\u0131 Atat\u00fcrk Lisesi&#8217;nde tamamlam\u0131\u015ft\u0131r. 1977 y\u0131l\u0131nda Hacettepe \u00dcniversitesi, Fen Fak\u00fcltesi-Y\u00fcksek Matematik B\u00f6l\u00fcm\u00fcnde lisans (ve y\u00fcksek lisans) e\u011fitimini, ayr\u0131ca 1980 y\u0131l\u0131nda Bo\u011fazi\u00e7i \u00dcniversitesi, Bilgisayar Bilimleri B\u00f6l\u00fcm\u00fcn<strong>de y\u00fcksek lisans e\u011fitimini tamamlam\u0131\u015ft\u0131r.<\/strong> \u00d6zel sekt\u00f6rde yaz\u0131l\u0131m geli\u015ftirme ve bilgi i\u015flem y\u00f6neticisi olarak bir s\u00fcre  \u00e7al\u0131\u015ft\u0131ktan sonra  \u0130stanbul \u00dcniversitesi \u0130\u015fletme Fak\u00fcltesi Matematik K\u00fcrs\u00fcs\u00fc&#8217;ne asistan olarak atanm\u0131\u015ft\u0131r.\u00a0\u201cBir Sipari\u015f \u00dcretim Sisteminin Planlama ve Kontrol\u00fcne Y\u00f6nelik Q-GERT \u015eebeke Modelinin Geli\u015ftirilmesi ve Bilgisayar Analizi\u201d adl\u0131 doktora tezini 1983 y\u0131l\u0131nda \u0130stanbul \u00dcniversitesi \u0130\u015fletme Fak\u00fcltesi Say\u0131sal Y\u00f6ntemler Anabilim Dal\u0131&#8217;nda tamamlayan Mehmet Erdal Balaban, 1989 y\u0131l\u0131nda do\u00e7entli\u011fe y\u00fckselmi\u015f ve 1996 y\u0131l\u0131nda profes\u00f6rl\u00fck kadrosuna atanm\u0131\u015ft\u0131r. \u0130stanbul \u00dcniversitesi \u0130\u015fletme Fak\u00fcltesi, Say\u0131sal Y\u00f6ntemler Anabilim Dal\u0131 \u00d6\u011fretim \u00dcyesi olarak 2003-2006 y\u0131llar\u0131nda Anabilim Dal\u0131 Ba\u015fkanl\u0131\u011f\u0131 g\u00f6revinde ve akademik kurullarda g\u00f6rev alm\u0131\u015ft\u0131r.<\/p>\n\n\n\n<p>1984 y\u0131l\u0131nda AISEC kapsam\u0131nda Amerika Birle\u015fik Devletleri\u2019nde \u201cBall Aerospace Defence System Division, Boulder, Colorado\u201d firmas\u0131nda \u201cKi\u015fisel Bilgisayarlarda \u0130\u015fletme Tahmin Y\u00f6ntemleri\u201d yaz\u0131l\u0131m\u0131n\u0131n geli\u015ftirilmesi g\u00f6revinde bulunmu\u015ftur. \u201c<strong><em>Temel Matematik ve \u0130\u015fletme Uygulamalar\u0131<\/em><\/strong><em>\u201d, \u201c<\/em><strong><em>Veri Madencili\u011fi ve Makine \u00d6\u011frenmesi Temel Algoritmalar ve R Dili ile Uygulamalar\u0131<\/em><\/strong><em>\u201d&nbsp;<\/em>&nbsp;adl\u0131 kitaplar\u0131 yan\u0131 s\u0131ra edit\u00f6rl\u00fc\u011f\u00fcn\u00fc yapt\u0131\u011f\u0131 kitaplar\u0131 da bulunmaktad\u0131r. &nbsp;\u0130\u015f hayat\u0131na y\u00f6nelik geli\u015ftirdi\u011fi yaz\u0131l\u0131mlar farkl\u0131 sekt\u00f6rlerde ve \u00e7ok say\u0131da i\u015fletmede kullan\u0131lm\u0131\u015ft\u0131r.&nbsp;<strong>Veri Madencili\u011fi ve Makine \u00d6\u011frenmesi  alanlar\u0131nda \u00e7al\u0131\u015fmalar\u0131n\u0131 ve ara\u015ft\u0131rmalar\u0131n\u0131 s\u00fcrd\u00fcren Balaban, bir\u00e7ok profes\u00f6r ve do\u00e7en<\/strong>tin kariyerlerinin geli\u015fmesinde ve  \u00e7ok say\u0131da lisans\u00fcst\u00fc\/lisans \u00f6\u011frencisinin e\u011fitiminde g\u00f6rev alm\u0131\u015ft\u0131r. \u00c7e\u015fitli \u00fcniversitelerde Say\u0131sal Y\u00f6ntemler ve Bili\u015fim alan\u0131nda dersler vermi\u015f olan Balaban; 2001-2002 e\u011fitim ve \u00f6\u011fretim y\u0131l\u0131nda&nbsp;Ball State Universitesi, Indiana, USA\u2019da misafir ara\u015ft\u0131rmac\u0131 olarak bulunmu\u015f, 2006-2007 y\u0131l\u0131nda ayn\u0131 \u00fcniversitede misafir \u00f6\u011fretim \u00fcyesi olarak dersler vermi\u015ftir.<\/p>\n\n\n\n<p>2000 \u2013 2004 y\u0131llar\u0131 aras\u0131nda T\u00fcrkiye Bili\u015fim Derne\u011fi (TBD) \u0130stanbul Y\u00f6netim Kurulu Ba\u015fkanl\u0131\u011f\u0131 s\u00fcresince bili\u015fim alan\u0131nda ve uzaktan \u00f6\u011frenme konular\u0131nda bir\u00e7ok konferans, seminer, panel, \u00e7al\u0131\u015ftay ve projeler ger\u00e7ekle\u015ftirmi\u015ftir. K\u00fc\u00e7\u00fck ve orta b\u00fcy\u00fckl\u00fckteki i\u015fletmelerin bili\u015fim konular\u0131nda bilin\u00e7lenmeleri i\u00e7in seminer ve TV programlar\u0131 d\u00fczenleyerek giri\u015fimcili\u011fin ve bili\u015fim k\u00fclt\u00fcr\u00fcn\u00fcn art\u0131r\u0131lmas\u0131 y\u00f6n\u00fcnde katk\u0131lar sa\u011flam\u0131\u015ft\u0131r. 1999-2001 y\u0131llar\u0131 aras\u0131nda \u0130s<strong>tanbul Sanayi Odas\u0131\u2019n\u0131n \u00dcniversite-Sanayi i\u015fbirli\u011finin geli\u015fmesi i\u00e7in ISO-\u00dcS\u0130B \u00e7al\u0131\u015fma grubunda g\u00f6rev alm\u0131\u015ft\u0131r.<\/strong> Bu \u00e7al\u0131\u015fma kapsam\u0131nda sanayi problemlerini \u00fcniversite \u00f6\u011fretim \u00fcyelerinin uzmanl\u0131klar\u0131 ile e\u015fle\u015ftiren \u201c\u0130SO-\u00dcS\u0130B-NET\u201d yaz\u0131l\u0131m projesine ba\u015fkanl\u0131k yapm\u0131\u015ft\u0131r.<\/p>\n\n\n\n<p>Bir\u00e7ok konferans\u0131n d\u00fczenleyicisi ve bilim kurulu \u00fcyesi olarak hizmetlerde bulunan Balaban, bir\u00e7ok konferansa oturum ba\u015fkanl\u0131\u011f\u0131, panel konu\u015fmac\u0131s\u0131 veya davetli konu\u015fmac\u0131 olarak katk\u0131lar vermi\u015ftir. \u00dcniversite \u00f6\u011frencilik y\u0131llar\u0131nda aktif sporun i\u00e7inde bulunmu\u015f, \u00fcniversite tak\u0131mlar\u0131n\u0131n yan\u0131 s\u0131ra amat\u00f6r tak\u0131mlarda lisansl\u0131 olarak futbol oynam\u0131\u015ft\u0131r. Ayr\u0131ca akademik \u00e7al\u0131\u015fmalar\u0131n yan\u0131 s\u0131ra \u0130stanbul \u00dcniversitesi Spor Birli\u011fi Kul\u00fcb<strong>\u00fc&#8217;nde Y\u00f6netim Kurulu \u00dcyesi ve Dan\u0131\u015fman\u0131 olarak y\u00f6neticilik g\u00f6revlerini ve spora olan deste\u011fini s\u00fcrd\u00fcrm\u00fc\u015ft\u00fcr.<\/strong><\/p>\n\n\n\n<p>Sivil Toplum \u00d6rg\u00fctlerinde bir\u00e7ok toplum hizmetleri ve e\u011fitim projelerinin ger\u00e7ekle\u015fmesinde g\u00f6rev alan Balaban,  1998-2000 y\u0131llar\u0131nda Bilgi \u0130\u015flem Merkezi Y\u00f6neticileri Kul\u00fcb\u00fcne (B\u0130M Kul\u00fcp) ba\u015fkanl\u0131k yapm\u0131\u015f ve 2000-2004 y\u0131llar\u0131 aras\u0131nda T\u00fcrkiye Bili\u015fim Derne\u011fi (TBD), \u0130stanbul \u015eubesi Y\u00f6netim Kurulu Ba\u015fkanl\u0131\u011f\u0131 g\u00f6revlerinde bulunmu\u015ftur. <strong>T\u00fcrkiye Bili\u015fim Derne\u011fi, \u0130stanbul \u015eubesi ve Matematik\u00e7iler Derne\u011fi Onur \u00dcyesidir.&nbsp;<\/strong>Mehmet Erdal Balaban&nbsp;<strong><a href=\"https:\/\/web.archive.org\/web\/20250707230754\/http:\/\/www.istanbul.edu.tr\/\">\u0130stanbul \u00dcniversitesi<\/a>,&nbsp;<a href=\"https:\/\/web.archive.org\/web\/20250707230754\/http:\/\/www.isletme.istanbul.edu.tr\/\">\u0130\u015fletme Fak\u00fcltesi<\/a>\u2018<\/strong>nden 15 Ekim 2015 tarihi itibariyle emekli olmu\u015f ve \u00e7al\u0131\u015fmalar\u0131n\u0131&nbsp;<strong><a href=\"https:\/\/web.archive.org\/web\/20250707230754\/http:\/\/www.tovak.org\/\">T\u00fcrkiye Toplum Hizmetleri Vakf\u0131<\/a><\/strong>\u2018n\u0131n<strong> (TOVAK)<\/strong> g\u00f6n\u00fcll\u00fcs\u00fc olarak s\u00fcrd\u00fcrm\u00fc\u015ft\u00fcr. 2019-2021 y\u0131llar\u0131 aras\u0131nda \u0130stanbul Geli\u015fim \u00dcniversitesi, Y\u00f6netim Bili\u015fim Sistemleri b\u00f6l\u00fcm\u00fcnde&nbsp; tam zamanl\u0131 olarak \u00e7al\u0131\u015fm\u0131\u015f ve Veri Madencili\u011fi ve Veri Analiti\u011fi derslerini vermi\u015ftir. Sabanc\u0131 \u00dcniversitesi \u0130\u015fletme Fak\u00fcltesi\u2019nde yar\u0131 zamanl\u0131 \u00f6\u011fretim \u00fcyesi olarak ders vermeye devam etmektedir. Mehmet Erdal Balaban evli, bir <strong><a href=\"https:\/\/web.archive.org\/web\/20250707230754\/https:\/\/www.ertanbalaban.com\/\">o\u011flu<\/a><\/strong> ve bir torunu vard\u0131r.<\/p>\n\n\n\n<p><a href=\"https:\/\/www.erdalbalaban.com\/wp-content\/uploads\/2026\/04\/CV_EBalaban_Ocak2022.pdf\" target=\"_blank\" rel=\"noreferrer noopener\">Detayl\u0131 \u00d6zge\u00e7mi\u015f<\/a><\/p>\n","protected":false},"excerpt":{"rendered":"<p>1953 y\u0131l\u0131nda Sakarya\u2019n\u0131n Hendek il\u00e7esinde do\u011fan Mehmet Erdal Balaban lise e\u011fitimini Adapazar\u0131 Atat\u00fcrk Lisesi&#8217;nde tamamlam\u0131\u015ft\u0131r. 1977 y\u0131l\u0131nda Hacettepe \u00dcniversitesi, Fen Fak\u00fcltesi-Y\u00fcksek Matematik B\u00f6l\u00fcm\u00fcnde lisans (ve y\u00fcksek lisans) e\u011fitimini, ayr\u0131ca 1980 y\u0131l\u0131nda Bo\u011fazi\u00e7i \u00dcniversitesi, Bilgisayar Bilimleri B\u00f6l\u00fcm\u00fcnde y\u00fcksek lisans e\u011fitimini tamamlam\u0131\u015ft\u0131r. \u00d6zel sekt\u00f6rde yaz\u0131l\u0131m geli\u015ftirme ve bilgi i\u015flem y\u00f6neticisi olarak bir s\u00fcre \u00e7al\u0131\u015ft\u0131ktan sonra \u0130stanbul \u00dcniversitesi [&hellip;]<\/p>\n","protected":false},"author":1,"featured_media":0,"parent":0,"menu_order":0,"comment_status":"closed","ping_status":"open","template":"","meta":{"saved_in_kubio":false,"footnotes":""},"class_list":["post-2","page","type-page","status-publish","hentry"],"kubio_ai_page_context":{"short_desc":"","purpose":"general"},"_links":{"self":[{"href":"https:\/\/www.erdalbalaban.com\/index.php\/wp-json\/wp\/v2\/pages\/2","targetHints":{"allow":["GET"]}}],"collection":[{"href":"https:\/\/www.erdalbalaban.com\/index.php\/wp-json\/wp\/v2\/pages"}],"about":[{"href":"https:\/\/www.erdalbalaban.com\/index.php\/wp-json\/wp\/v2\/types\/page"}],"author":[{"embeddable":true,"href":"https:\/\/www.erdalbalaban.com\/index.php\/wp-json\/wp\/v2\/users\/1"}],"replies":[{"embeddable":true,"href":"https:\/\/www.erdalbalaban.com\/index.php\/wp-json\/wp\/v2\/comments?post=2"}],"version-history":[{"count":5,"href":"https:\/\/www.erdalbalaban.com\/index.php\/wp-json\/wp\/v2\/pages\/2\/revisions"}],"predecessor-version":[{"id":168,"href":"https:\/\/www.erdalbalaban.com\/index.php\/wp-json\/wp\/v2\/pages\/2\/revisions\/168"}],"wp:attachment":[{"href":"https:\/\/www.erdalbalaban.com\/index.php\/wp-json\/wp\/v2\/media?parent=2"}],"curies":[{"name":"wp","href":"https:\/\/api.w.org\/{rel}","templated":true}]}}